{"id":996,"date":"2018-06-15T07:57:03","date_gmt":"2018-06-15T05:57:03","guid":{"rendered":"https:\/\/www.g-imagine.ch\/fr\/\/?page_id=996"},"modified":"2024-06-20T19:32:34","modified_gmt":"2024-06-20T17:32:34","slug":"digital-project","status":"publish","type":"page","link":"https:\/\/www.g-imagine.ch\/fr\/digital-project\/","title":{"rendered":"Projet digital"},"content":{"rendered":"\t\t<div data-elementor-type=\"wp-post\" data-elementor-id=\"996\" class=\"elementor elementor-996\">\n\t\t\t\t\t\t<section class=\"elementor-section elementor-top-section elementor-element elementor-element-62776a1 elementor-section-boxed elementor-section-height-default elementor-section-height-default\" data-id=\"62776a1\" data-element_type=\"section\">\n\t\t\t\t\t\t<div class=\"elementor-container elementor-column-gap-default\">\n\t\t\t\t\t<div class=\"elementor-column elementor-col-100 elementor-top-column elementor-element elementor-element-2857b76\" data-id=\"2857b76\" data-element_type=\"column\">\n\t\t\t<div class=\"elementor-widget-wrap elementor-element-populated\">\n\t\t\t\t\t\t<div class=\"elementor-element elementor-element-fa371fc elementor-widget-divider--view-line elementor-widget elementor-widget-divider\" data-id=\"fa371fc\" data-element_type=\"widget\" data-widget_type=\"divider.default\">\n\t\t\t\t<div class=\"elementor-widget-container\">\n\t\t\t\t\t<div class=\"elementor-divider\">\n\t\t\t<span class=\"elementor-divider-separator\">\n\t\t\t\t\t\t<\/span>\n\t\t<\/div>\n\t\t\t\t<\/div>\n\t\t\t\t<\/div>\n\t\t\t\t\t<\/div>\n\t\t<\/div>\n\t\t\t\t\t<\/div>\n\t\t<\/section>\n\t\t\t\t<section class=\"elementor-section elementor-top-section elementor-element elementor-element-7dec05f elementor-section-boxed elementor-section-height-default elementor-section-height-default\" data-id=\"7dec05f\" data-element_type=\"section\">\n\t\t\t\t\t\t<div class=\"elementor-container elementor-column-gap-default\">\n\t\t\t\t\t<div class=\"elementor-column elementor-col-100 elementor-top-column elementor-element elementor-element-f3b3499\" data-id=\"f3b3499\" data-element_type=\"column\">\n\t\t\t<div class=\"elementor-widget-wrap elementor-element-populated\">\n\t\t\t\t\t\t<div class=\"elementor-element elementor-element-9d64e4e elementor-invisible elementor-widget elementor-widget-heading\" data-id=\"9d64e4e\" data-element_type=\"widget\" data-settings=\"{&quot;_animation&quot;:&quot;fadeIn&quot;}\" data-widget_type=\"heading.default\">\n\t\t\t\t<div class=\"elementor-widget-container\">\n\t\t\t<h1 class=\"elementor-heading-title elementor-size-default\">Projets Digitaux <\/h1>\t\t<\/div>\n\t\t\t\t<\/div>\n\t\t\t\t<div class=\"elementor-element elementor-element-bc7dc52 elementor-invisible elementor-widget elementor-widget-heading\" data-id=\"bc7dc52\" data-element_type=\"widget\" data-settings=\"{&quot;_animation&quot;:&quot;fadeIn&quot;}\" data-widget_type=\"heading.default\">\n\t\t\t\t<div class=\"elementor-widget-container\">\n\t\t\t<h2 class=\"elementor-heading-title elementor-size-default\">pour une pr\u00e9sence en ligne et pour une exp\u00e9rience utilisatrice optimal<\/h2>\t\t<\/div>\n\t\t\t\t<\/div>\n\t\t\t\t<div class=\"elementor-element elementor-element-a47e547 elementor-widget elementor-widget-text-editor\" data-id=\"a47e547\" data-element_type=\"widget\" data-widget_type=\"text-editor.default\">\n\t\t\t\t<div class=\"elementor-widget-container\">\n\t\t\t\t\t\t\t<p>Les projets digitaux sont essentiels pour \u00e9tablir une forte pr\u00e9sence en ligne et offrir une exp\u00e9rience utilisateur optimale. Ils incluent la cr\u00e9ation de sites web intuitifs et responsifs, l&#8217;optimisation SEO pour am\u00e9liorer la visibilit\u00e9, ainsi que le d\u00e9veloppement d&#8217;applications et de plateformes interactives. Ces initiatives visent \u00e0 enrichir l&#8217;interaction avec vos clients, \u00e0 renforcer votre cr\u00e9dibilit\u00e9 et \u00e0 maximiser l&#8217;engagement. En investissant dans des solutions digitales innovantes, vous positionnez votre entreprise pour r\u00e9ussir dans un environnement num\u00e9rique comp\u00e9titif et \u00e9volutif.<\/p><p>\u00a0<\/p>\t\t\t\t\t\t<\/div>\n\t\t\t\t<\/div>\n\t\t\t\t<div class=\"elementor-element elementor-element-07c6870 elementor-widget-divider--view-line elementor-widget elementor-widget-divider\" data-id=\"07c6870\" data-element_type=\"widget\" data-widget_type=\"divider.default\">\n\t\t\t\t<div class=\"elementor-widget-container\">\n\t\t\t\t\t<div class=\"elementor-divider\">\n\t\t\t<span class=\"elementor-divider-separator\">\n\t\t\t\t\t\t<\/span>\n\t\t<\/div>\n\t\t\t\t<\/div>\n\t\t\t\t<\/div>\n\t\t\t\t\t<\/div>\n\t\t<\/div>\n\t\t\t\t\t<\/div>\n\t\t<\/section>\n\t\t\t\t<section class=\"elementor-section elementor-top-section elementor-element elementor-element-336ddd59 elementor-section-boxed elementor-section-height-default elementor-section-height-default\" data-id=\"336ddd59\" data-element_type=\"section\">\n\t\t\t\t\t\t<div class=\"elementor-container elementor-column-gap-default\">\n\t\t\t\t\t<div class=\"elementor-column elementor-col-50 elementor-top-column elementor-element elementor-element-1860639d\" data-id=\"1860639d\" data-element_type=\"column\">\n\t\t\t<div class=\"elementor-widget-wrap elementor-element-populated\">\n\t\t\t\t\t\t<div class=\"elementor-element elementor-element-16c8a81 elementor-position-top elementor-widget elementor-widget-image-box\" data-id=\"16c8a81\" data-element_type=\"widget\" data-widget_type=\"image-box.default\">\n\t\t\t\t<div class=\"elementor-widget-container\">\n\t\t\t<div class=\"elementor-image-box-wrapper\"><figure class=\"elementor-image-box-img\"><img decoding=\"async\" src=\"https:\/\/www.g-imagine.ch\/fr\/wp-content\/uploads\/2020\/06\/devices.svg\" class=\"elementor-animation-shrink attachment-full size-full wp-image-1685\" alt=\"\" \/><\/figure><div class=\"elementor-image-box-content\"><h3 class=\"elementor-image-box-title\">Cr\u00e9ation de site internet<\/h3><p class=\"elementor-image-box-description\">Site vitrine - Site e-commerce - Marketplace - WordPress sp\u00e9cialiste , etc<\/p><\/div><\/div>\t\t<\/div>\n\t\t\t\t<\/div>\n\t\t\t\t\t<\/div>\n\t\t<\/div>\n\t\t\t\t<div class=\"elementor-column elementor-col-50 elementor-top-column elementor-element elementor-element-15663850\" data-id=\"15663850\" data-element_type=\"column\">\n\t\t\t<div class=\"elementor-widget-wrap elementor-element-populated\">\n\t\t\t\t\t\t<div class=\"elementor-element elementor-element-ec85a76 elementor-position-top elementor-widget elementor-widget-image-box\" data-id=\"ec85a76\" data-element_type=\"widget\" data-widget_type=\"image-box.default\">\n\t\t\t\t<div class=\"elementor-widget-container\">\n\t\t\t<div class=\"elementor-image-box-wrapper\"><figure class=\"elementor-image-box-img\"><img decoding=\"async\" src=\"https:\/\/www.g-imagine.ch\/fr\/wp-content\/uploads\/2020\/06\/crop-1.svg\" class=\"elementor-animation-shrink attachment-full size-full wp-image-1724\" alt=\"\" \/><\/figure><div class=\"elementor-image-box-content\"><h3 class=\"elementor-image-box-title\">UX\/UI Design<\/h3><p class=\"elementor-image-box-description\">Nous cr\u00e9ons des services de conception UI\/UX optimaux, intuitifs et efficaces pour les applications ou interfaces mobiles, totalement responsive<\/p><\/div><\/div>\t\t<\/div>\n\t\t\t\t<\/div>\n\t\t\t\t\t<\/div>\n\t\t<\/div>\n\t\t\t\t\t<\/div>\n\t\t<\/section>\n\t\t\t\t<section class=\"elementor-section elementor-top-section elementor-element elementor-element-0ce4c85 elementor-section-boxed elementor-section-height-default elementor-section-height-default\" data-id=\"0ce4c85\" data-element_type=\"section\">\n\t\t\t\t\t\t<div class=\"elementor-container elementor-column-gap-default\">\n\t\t\t\t\t<div class=\"elementor-column elementor-col-50 elementor-top-column elementor-element elementor-element-e4f8460\" data-id=\"e4f8460\" data-element_type=\"column\">\n\t\t\t<div class=\"elementor-widget-wrap elementor-element-populated\">\n\t\t\t\t\t\t<div class=\"elementor-element elementor-element-5c9c575 elementor-position-top elementor-widget elementor-widget-image-box\" data-id=\"5c9c575\" data-element_type=\"widget\" data-widget_type=\"image-box.default\">\n\t\t\t\t<div class=\"elementor-widget-container\">\n\t\t\t<div class=\"elementor-image-box-wrapper\"><figure class=\"elementor-image-box-img\"><img decoding=\"async\" src=\"https:\/\/www.g-imagine.ch\/fr\/wp-content\/uploads\/2020\/06\/maintenance2.svg\" class=\"elementor-animation-shrink attachment-full size-full wp-image-1718\" alt=\"\" \/><\/figure><div class=\"elementor-image-box-content\"><h3 class=\"elementor-image-box-title\">Maintenance<\/h3><p class=\"elementor-image-box-description\">Nous prenons soin de votre site web, nous v\u00e9rifions et r\u00e9solvons les probl\u00e8mes et les erreurs et nous le gardons \u00e0 jour et pertinent avec les nouveaux contenus.<\/p><\/div><\/div>\t\t<\/div>\n\t\t\t\t<\/div>\n\t\t\t\t\t<\/div>\n\t\t<\/div>\n\t\t\t\t<div class=\"elementor-column elementor-col-50 elementor-top-column elementor-element elementor-element-7a5af26\" data-id=\"7a5af26\" data-element_type=\"column\">\n\t\t\t<div class=\"elementor-widget-wrap elementor-element-populated\">\n\t\t\t\t\t\t<div class=\"elementor-element elementor-element-45fc839 elementor-position-top elementor-widget elementor-widget-image-box\" data-id=\"45fc839\" data-element_type=\"widget\" data-widget_type=\"image-box.default\">\n\t\t\t\t<div class=\"elementor-widget-container\">\n\t\t\t<div class=\"elementor-image-box-wrapper\"><figure class=\"elementor-image-box-img\"><img decoding=\"async\" src=\"https:\/\/www.g-imagine.ch\/fr\/wp-content\/uploads\/2020\/06\/web-development.svg\" class=\"elementor-animation-shrink attachment-full size-full wp-image-1731\" alt=\"\" \/><\/figure><div class=\"elementor-image-box-content\"><h3 class=\"elementor-image-box-title\">Developpement Web<\/h3><p class=\"elementor-image-box-description\">D\u00e9veloppement frontal, int\u00e9gration API, changement de th\u00e8me, changement WordPress<\/p><\/div><\/div>\t\t<\/div>\n\t\t\t\t<\/div>\n\t\t\t\t\t<\/div>\n\t\t<\/div>\n\t\t\t\t\t<\/div>\n\t\t<\/section>\n\t\t\t\t<section class=\"elementor-section elementor-top-section elementor-element elementor-element-bf531a7 elementor-section-content-middle elementor-section-boxed elementor-section-height-default elementor-section-height-default\" data-id=\"bf531a7\" data-element_type=\"section\" data-settings=\"{&quot;background_background&quot;:&quot;classic&quot;}\">\n\t\t\t\t\t\t\t<div class=\"elementor-background-overlay\"><\/div>\n\t\t\t\t\t\t\t<div class=\"elementor-container elementor-column-gap-default\">\n\t\t\t\t\t<div class=\"elementor-column elementor-col-100 elementor-top-column elementor-element elementor-element-5939810\" data-id=\"5939810\" data-element_type=\"column\" data-settings=\"{&quot;background_background&quot;:&quot;classic&quot;}\">\n\t\t\t<div class=\"elementor-widget-wrap elementor-element-populated\">\n\t\t\t\t\t<div class=\"elementor-background-overlay\"><\/div>\n\t\t\t\t\t\t<div class=\"elementor-element elementor-element-a5dde25 elementor-widget-divider--view-line elementor-widget elementor-widget-divider\" data-id=\"a5dde25\" data-element_type=\"widget\" data-widget_type=\"divider.default\">\n\t\t\t\t<div class=\"elementor-widget-container\">\n\t\t\t\t\t<div class=\"elementor-divider\">\n\t\t\t<span class=\"elementor-divider-separator\">\n\t\t\t\t\t\t<\/span>\n\t\t<\/div>\n\t\t\t\t<\/div>\n\t\t\t\t<\/div>\n\t\t\t\t<div class=\"elementor-element elementor-element-c69cc4c elementor-invisible elementor-widget elementor-widget-heading\" data-id=\"c69cc4c\" data-element_type=\"widget\" data-settings=\"{&quot;_animation&quot;:&quot;fadeIn&quot;}\" data-widget_type=\"heading.default\">\n\t\t\t\t<div class=\"elementor-widget-container\">\n\t\t\t<h4 class=\"elementor-heading-title elementor-size-medium\">Parlons de votre projet!<\/h4>\t\t<\/div>\n\t\t\t\t<\/div>\n\t\t\t\t<div class=\"elementor-element elementor-element-4f48bd8 elementor-mobile-align-center elementor-tablet-align-center elementor-align-center elementor-widget elementor-widget-button\" data-id=\"4f48bd8\" data-element_type=\"widget\" data-widget_type=\"button.default\">\n\t\t\t\t<div class=\"elementor-widget-container\">\n\t\t\t\t\t<div class=\"elementor-button-wrapper\">\n\t\t\t<a class=\"elementor-button elementor-button-link elementor-size-md\" href=\"https:\/\/calendly.com\/gnoemi91\/30min?month=2022-06\">\n\t\t\t\t\t\t<span class=\"elementor-button-content-wrapper\">\n\t\t\t\t\t\t\t\t\t<span class=\"elementor-button-text\">Reserver un appel d\u00e9couverte<\/span>\n\t\t\t\t\t<\/span>\n\t\t\t\t\t<\/a>\n\t\t<\/div>\n\t\t\t\t<\/div>\n\t\t\t\t<\/div>\n\t\t\t\t\t<\/div>\n\t\t<\/div>\n\t\t\t\t\t<\/div>\n\t\t<\/section>\n\t\t\t\t<\/div>\n\t\t","protected":false},"excerpt":{"rendered":"<p>Projets Digitaux pour une pr\u00e9sence en ligne et pour une exp\u00e9rience utilisatrice optimal Les projets digitaux sont essentiels pour \u00e9tablir une forte pr\u00e9sence en ligne et offrir une exp\u00e9rience utilisateur optimale. Ils incluent la cr\u00e9ation de sites web intuitifs et responsifs, l&#8217;optimisation SEO pour am\u00e9liorer la visibilit\u00e9, ainsi que le d\u00e9veloppement d&#8217;applications et de plateformes interactives. Ces initiatives visent \u00e0 enrichir l&#8217;interaction avec vos clients, \u00e0 renforcer votre cr\u00e9dibilit\u00e9 et \u00e0 maximiser l&#8217;engagement. En investissant dans des solutions digitales innovantes, vous positionnez votre entreprise pour r\u00e9ussir dans un environnement num\u00e9rique comp\u00e9titif et \u00e9volutif. \u00a0 Cr\u00e9ation de site internet Site vitrine &#8211; Site e-commerce &#8211; Marketplace &#8211; WordPress sp\u00e9cialiste , etc UX\/UI Design Nous cr\u00e9ons des services de conception UI\/UX optimaux, intuitifs et efficaces pour les applications ou interfaces mobiles, totalement responsive Maintenance Nous prenons soin de votre site web, nous v\u00e9rifions et r\u00e9solvons les probl\u00e8mes et les erreurs et nous le gardons \u00e0 jour et pertinent avec les nouveaux contenus. Developpement Web D\u00e9veloppement frontal, int\u00e9gration API, changement de th\u00e8me, changement WordPress Parlons de votre projet! Reserver un appel d\u00e9couverte<\/p>\n","protected":false},"author":1,"featured_media":0,"parent":0,"menu_order":0,"comment_status":"closed","ping_status":"closed","template":"","meta":{"_monsterinsights_skip_tracking":false,"_monsterinsights_sitenote_active":false,"_monsterinsights_sitenote_note":"","_monsterinsights_sitenote_category":0,"footnotes":""},"yst_prominent_words":[105,107,60,63,103,106,59,101,100,102,68,104],"class_list":["post-996","page","type-page","status-publish","hentry"],"yoast_head":"<!-- This site is optimized with the Yoast SEO Premium plugin v14.1 - https:\/\/yoast.com\/wordpress\/plugins\/seo\/ -->\n<meta name=\"description\" content=\"Nous vous accompagnons et vous guidons dans le d\u00e9veloppement de vos projets digitaux en utilisant nos exp\u00e9riences et nos connaissances acquises depuis de nombreuses ann\u00e9es.\" \/>\n<meta name=\"robots\" content=\"index, follow\" \/>\n<meta name=\"googlebot\" content=\"index, follow, max-snippet:-1, max-image-preview:large, max-video-preview:-1\" \/>\n<meta name=\"bingbot\" content=\"index, follow, max-snippet:-1, max-image-preview:large, max-video-preview:-1\" \/>\n<link rel=\"canonical\" href=\"https:\/\/www.g-imagine.ch\/fr\/digital-project\/\" \/>\n<meta property=\"og:locale\" content=\"fr_FR\" \/>\n<meta property=\"og:type\" content=\"article\" \/>\n<meta property=\"og:title\" content=\"Projet digital - www.g-imagine.ch\/fr\" \/>\n<meta property=\"og:description\" content=\"Nous vous accompagnons et vous guidons dans le d\u00e9veloppement de vos projets digitaux en utilisant nos exp\u00e9riences et nos connaissances acquises depuis de nombreuses ann\u00e9es.\" \/>\n<meta property=\"og:url\" content=\"https:\/\/www.g-imagine.ch\/fr\/digital-project\/\" \/>\n<meta property=\"og:site_name\" content=\"www.g-imagine.ch\/fr\" \/>\n<meta property=\"article:publisher\" content=\"https:\/\/www.facebook.com\/G-imagine-1393205874103104\/\" \/>\n<meta property=\"article:modified_time\" content=\"2024-06-20T17:32:34+00:00\" \/>\n<meta property=\"og:image\" content=\"https:\/\/www.g-imagine.ch\/fr\/wp-content\/uploads\/2020\/06\/devices.svg\" \/>\n<meta name=\"twitter:card\" content=\"summary\" \/>\n<script type=\"application\/ld+json\" class=\"yoast-schema-graph\">{\"@context\":\"https:\/\/schema.org\",\"@graph\":[{\"@type\":\"WebSite\",\"@id\":\"https:\/\/www.g-imagine.ch\/fr\/#website\",\"url\":\"https:\/\/www.g-imagine.ch\/fr\/\",\"name\":\"www.g-imagine.ch\/fr\",\"description\":\"Print &amp; Digital Project\",\"potentialAction\":[{\"@type\":\"SearchAction\",\"target\":\"https:\/\/www.g-imagine.ch\/fr\/?s={search_term_string}\",\"query-input\":\"required name=search_term_string\"}],\"inLanguage\":\"fr-FR\"},{\"@type\":\"ImageObject\",\"@id\":\"https:\/\/www.g-imagine.ch\/fr\/digital-project\/#primaryimage\",\"inLanguage\":\"fr-FR\",\"url\":\"https:\/\/www.g-imagine.ch\/fr\/wp-content\/uploads\/2020\/06\/devices.svg\"},{\"@type\":\"WebPage\",\"@id\":\"https:\/\/www.g-imagine.ch\/fr\/digital-project\/#webpage\",\"url\":\"https:\/\/www.g-imagine.ch\/fr\/digital-project\/\",\"name\":\"Projet digital - www.g-imagine.ch\/fr\",\"isPartOf\":{\"@id\":\"https:\/\/www.g-imagine.ch\/fr\/#website\"},\"primaryImageOfPage\":{\"@id\":\"https:\/\/www.g-imagine.ch\/fr\/digital-project\/#primaryimage\"},\"datePublished\":\"2018-06-15T05:57:03+00:00\",\"dateModified\":\"2024-06-20T17:32:34+00:00\",\"description\":\"Nous vous accompagnons et vous guidons dans le d\\u00e9veloppement de vos projets digitaux en utilisant nos exp\\u00e9riences et nos connaissances acquises depuis de nombreuses ann\\u00e9es.\",\"inLanguage\":\"fr-FR\",\"potentialAction\":[{\"@type\":\"ReadAction\",\"target\":[\"https:\/\/www.g-imagine.ch\/fr\/digital-project\/\"]}]}]}<\/script>\n<!-- \/ Yoast SEO Premium plugin. -->","_links":{"self":[{"href":"https:\/\/www.g-imagine.ch\/fr\/wp-json\/wp\/v2\/pages\/996"}],"collection":[{"href":"https:\/\/www.g-imagine.ch\/fr\/wp-json\/wp\/v2\/pages"}],"about":[{"href":"https:\/\/www.g-imagine.ch\/fr\/wp-json\/wp\/v2\/types\/page"}],"author":[{"embeddable":true,"href":"https:\/\/www.g-imagine.ch\/fr\/wp-json\/wp\/v2\/users\/1"}],"replies":[{"embeddable":true,"href":"https:\/\/www.g-imagine.ch\/fr\/wp-json\/wp\/v2\/comments?post=996"}],"version-history":[{"count":34,"href":"https:\/\/www.g-imagine.ch\/fr\/wp-json\/wp\/v2\/pages\/996\/revisions"}],"predecessor-version":[{"id":2639,"href":"https:\/\/www.g-imagine.ch\/fr\/wp-json\/wp\/v2\/pages\/996\/revisions\/2639"}],"wp:attachment":[{"href":"https:\/\/www.g-imagine.ch\/fr\/wp-json\/wp\/v2\/media?parent=996"}],"wp:term":[{"taxonomy":"yst_prominent_words","embeddable":true,"href":"https:\/\/www.g-imagine.ch\/fr\/wp-json\/wp\/v2\/yst_prominent_words?post=996"}],"curies":[{"name":"wp","href":"https:\/\/api.w.org\/{rel}","templated":true}]}}